{"id":448,"date":"2023-06-02T01:24:34","date_gmt":"2023-06-02T04:24:34","guid":{"rendered":"https:\/\/mercenariospaintball.cl\/?page_id=448"},"modified":"2023-06-02T23:53:48","modified_gmt":"2023-06-03T02:53:48","slug":"nueva-imagen-mercenarios","status":"publish","type":"page","link":"https:\/\/mercenariospaintball.cl\/index.php\/nueva-imagen-mercenarios\/","title":{"rendered":"Nueva imagen mercenarios"},"content":{"rendered":"<p>[et_pb_section fb_built=\u00bb1&#8243; _builder_version=\u00bb4.2.2&#8243; background_enable_color=\u00bboff\u00bb use_background_color_gradient=\u00bbon\u00bb background_color_gradient_start=\u00bbrgba(0,0,0,0)\u00bb background_color_gradient_end=\u00bb#000000&#8243; background_color_gradient_start_position=\u00bb50%\u00bb background_color_gradient_overlays_image=\u00bbon\u00bb background_image=\u00bbhttp:\/\/mercenariospaintball.cl\/wp-content\/uploads\/2020\/02\/DSC0176-scaled.jpg\u00bb background_position=\u00bbtop_left\u00bb height=\u00bb1000px\u00bb custom_padding=\u00bb0px||0px||false|false\u00bb][et_pb_row column_structure=\u00bb1_3,1_3,1_3&#8243; make_equal=\u00bbon\u00bb _builder_version=\u00bb4.2.2&#8243; width=\u00bb100%\u00bb max_width=\u00bb2560px\u00bb height=\u00bb200px\u00bb custom_padding=\u00bb28px||28px||true|\u00bb border_radii=\u00bbon|1px|1px|1px|1px\u00bb border_color_all=\u00bb#000000&#8243; border_width_bottom=\u00bb1px\u00bb border_color_bottom=\u00bb#d6d6d6&#8243;][et_pb_column type=\u00bb1_3&#8243; _builder_version=\u00bb4.2.2&#8243;][et_pb_text _builder_version=\u00bb4.2.2&#8243; text_font=\u00bbRajdhani|600|||||||\u00bb text_text_color=\u00bb#ffffff\u00bb text_orientation=\u00bbcenter\u00bb background_layout=\u00bbdark\u00bb custom_margin=\u00bb||276px|||\u00bb custom_padding=\u00bb60px||60px||true|\u00bb text_text_shadow_style=\u00bbpreset3&#8243;]<\/p>\n<h3><span>Call Us&nbsp;<\/span><span class=\"style-color\"><span>021 111 222 190<\/span><\/span><\/h3>\n<p>[\/et_pb_text][\/et_pb_column][et_pb_column type=\u00bb1_3&#8243; _builder_version=\u00bb4.2.2&#8243;][et_pb_image src=\u00bbhttp:\/\/mercenariospaintball.cl\/wp-content\/uploads\/2020\/02\/mercenarios_small.png\u00bb align=\u00bbcenter\u00bb module_id=\u00bbinicio\u00bb _builder_version=\u00bb4.2.2&#8243; height=\u00bb150px\u00bb][\/et_pb_image][\/et_pb_column][et_pb_column type=\u00bb1_3&#8243; _builder_version=\u00bb4.2.2&#8243;][et_pb_social_media_follow icon_color=\u00bb#ffffff\u00bb use_icon_font_size=\u00bbon\u00bb _builder_version=\u00bb4.2.2&#8243; text_orientation=\u00bbcenter\u00bb custom_padding=\u00bb60px||60px||true|\u00bb text_shadow_style=\u00bbpreset3&#8243; text_shadow_color=\u00bb#000000&#8243;][et_pb_social_media_follow_network social_network=\u00bbfacebook\u00bb _builder_version=\u00bb4.2.2&#8243; background_enable_color=\u00bboff\u00bb follow_button=\u00bboff\u00bb url_new_window=\u00bbon\u00bb]facebook[\/et_pb_social_media_follow_network][et_pb_social_media_follow_network social_network=\u00bbyoutube\u00bb _builder_version=\u00bb4.2.2&#8243; background_enable_color=\u00bboff\u00bb follow_button=\u00bboff\u00bb url_new_window=\u00bbon\u00bb]youtube[\/et_pb_social_media_follow_network][et_pb_social_media_follow_network social_network=\u00bbinstagram\u00bb _builder_version=\u00bb4.2.2&#8243; background_enable_color=\u00bboff\u00bb follow_button=\u00bboff\u00bb url_new_window=\u00bbon\u00bb]instagram[\/et_pb_social_media_follow_network][\/et_pb_social_media_follow][\/et_pb_column][\/et_pb_row][et_pb_row _builder_version=\u00bb4.2.2&#8243;][et_pb_column type=\u00bb4_4&#8243; _builder_version=\u00bb4.2.2&#8243;][et_pb_menu menu_style=\u00bbcentered\u00bb submenu_direction=\u00bbdownwards\u00bb _builder_version=\u00bb4.2.2&#8243; menu_font=\u00bbRajdhani||||||||\u00bb menu_text_color=\u00bb#ffffff\u00bb menu_font_size=\u00bb20px\u00bb background_enable_color=\u00bboff\u00bb width=\u00bb100%\u00bb max_width=\u00bb100%\u00bb custom_margin=\u00bb|20px||20px|false|true\u00bb menu_text_shadow_style=\u00bbpreset3&#8243; menu_text_shadow_color=\u00bb#000000&#8243;][\/et_pb_menu][\/et_pb_column][\/et_pb_row][et_pb_row _builder_version=\u00bb4.2.2&#8243; module_alignment=\u00bbcenter\u00bb max_height=\u00bb1000px\u00bb custom_padding=\u00bb221px|320px|221px||true|\u00bb][et_pb_column type=\u00bb4_4&#8243; _builder_version=\u00bb4.2.2&#8243;][et_pb_text _builder_version=\u00bb4.2.2&#8243; text_font=\u00bbSpecial Elite|||on|||||\u00bb text_text_color=\u00bb#ffffff\u00bb text_font_size=\u00bb50px\u00bb background_color=\u00bbrgba(0,0,0,0.39)\u00bb min_height=\u00bb28.8px\u00bb custom_padding=\u00bb0px|||||\u00bb]<\/p>\n<p><span>Mercenarios PAINTBALL<\/span><\/p>\n<p>[\/et_pb_text][et_pb_text _builder_version=\u00bb4.2.2&#8243; text_font=\u00bbSpecial Elite|||on|||||\u00bb text_text_color=\u00bb#dfb758&#8243; text_font_size=\u00bb20px\u00bb text_line_height=\u00bb1.2em\u00bb background_color=\u00bbrgba(0,0,0,0.39)\u00bb]<\/p>\n<p><span>Somos el mejor campo t\u00e1ctico de paintball de toda la cuarta regi\u00f3n<\/span><\/p>\n<p>[\/et_pb_text][et_pb_text _builder_version=\u00bb4.2.2&#8243; text_font=\u00bbRajdhani|300|||||||\u00bb text_text_color=\u00bb#ffffff\u00bb text_font_size=\u00bb20px\u00bb header_font=\u00bbRajdhani||||||||\u00bb background_color=\u00bbrgba(0,0,0,0.39)\u00bb]<\/p>\n<ul>\n<li>Contamos con equipamiento completo incluyendo escopetas&nbsp;de resorte para ni\u00f1os y rifles profesionales para los m\u00e1s fan\u00e1ticos del Paintball<\/li>\n<li>Al terminar la batalla puedes descansar en nuestro quincho<\/li>\n<li>Realizamos torneos y eventos regularmente con diferentes tem\u00e1ticas<\/li>\n<li>Tambien hacemos cumplea\u00f1os a domicilio para ni\u00f1os<\/li>\n<li>Puedes reservar aqu\u00ed o a trav\u00e9s de nuestras redes sociales<\/li>\n<\/ul>\n<p>[\/et_pb_text][\/et_pb_column][\/et_pb_row][\/et_pb_section][et_pb_section fb_built=\u00bb1&#8243; _builder_version=\u00bb4.2.2&#8243; background_color=\u00bb#000000&#8243;][et_pb_row _builder_version=\u00bb4.2.2&#8243;][et_pb_column type=\u00bb4_4&#8243; _builder_version=\u00bb4.2.2&#8243;][et_pb_image src=\u00bbhttp:\/\/mercenariospaintball.cl\/wp-content\/uploads\/2020\/02\/fr4ef4frr.png\u00bb align=\u00bbcenter\u00bb _builder_version=\u00bb4.2.2&#8243;][\/et_pb_image][et_pb_text module_id=\u00bbservicios\u00bb _builder_version=\u00bb4.2.2&#8243; text_font=\u00bbSpecial Elite|||on|||||\u00bb text_text_color=\u00bb#dfb758&#8243; text_font_size=\u00bb40px\u00bb text_orientation=\u00bbcenter\u00bb]<\/p>\n<p>Nuestros Servicios<\/p>\n<p>[\/et_pb_text][\/et_pb_column][\/et_pb_row][et_pb_row column_structure=\u00bb1_3,1_3,1_3&#8243; use_custom_gutter=\u00bbon\u00bb make_equal=\u00bbon\u00bb _builder_version=\u00bb4.2.2&#8243; gutter_width__hover_enabled=\u00bbon|desktop\u00bb][et_pb_column type=\u00bb1_3&#8243; _builder_version=\u00bb4.2.2&#8243;][et_pb_blurb title=\u00bbDise\u00f1ado para Ni\u00f1os\u00bb image=\u00bbhttp:\/\/mercenariospaintball.cl\/wp-content\/uploads\/2020\/02\/paintb3-1.png\u00bb _builder_version=\u00bb4.2.2&#8243; header_level=\u00bbh1&#8243; header_font=\u00bbSpecial Elite|||on|||||\u00bb header_text_color=\u00bb#ffffff\u00bb body_font=\u00bbRajdhani||||||||\u00bb body_text_align=\u00bbjustify\u00bb body_text_color=\u00bb#A7A7A7&#8243; body_font_size=\u00bb18px\u00bb background_enable_color=\u00bboff\u00bb use_background_color_gradient=\u00bbon\u00bb background_color_gradient_start=\u00bbrgba(0,0,0,0)\u00bb background_color_gradient_end=\u00bb#424242&#8243; background_enable_image=\u00bboff\u00bb text_orientation=\u00bbcenter\u00bb custom_padding=\u00bb20px|20px|20px|20px|true|true\u00bb animation_direction=\u00bbbottom\u00bb]<\/p>\n<p><span>Tenemos equipamiento completo especial para ni\u00f1os. Desde los 6 a 10 a\u00f1os, participan en una categor\u00eda de bajo impacto, de tipo familiar. Les brindamos escopetas resorte, las cuales tienen menos potencia que las marcadoras de alto impacto<\/span><\/p>\n<p>[\/et_pb_blurb][\/et_pb_column][et_pb_column type=\u00bb1_3&#8243; _builder_version=\u00bb4.2.2&#8243;][et_pb_blurb title=\u00bbEventos Privados\u00bb image=\u00bbhttp:\/\/mercenariospaintball.cl\/wp-content\/uploads\/2020\/02\/paintb3-2.png\u00bb _builder_version=\u00bb4.2.2&#8243; header_level=\u00bbh1&#8243; header_font=\u00bbSpecial Elite|||on|||||\u00bb header_text_color=\u00bb#ffffff\u00bb body_font=\u00bbRajdhani||||||||\u00bb body_text_align=\u00bbjustify\u00bb body_text_color=\u00bb#A7A7A7&#8243; body_font_size=\u00bb18px\u00bb background_enable_color=\u00bboff\u00bb use_background_color_gradient=\u00bbon\u00bb background_color_gradient_start=\u00bbrgba(0,0,0,0)\u00bb background_color_gradient_end=\u00bb#424242&#8243; background_enable_image=\u00bboff\u00bb text_orientation=\u00bbcenter\u00bb custom_padding=\u00bb20px|20px|90px|20px|false|true\u00bb animation_direction=\u00bbbottom\u00bb]<\/p>\n<p><span>Realizamos eventos privados y fiestas, tenemos un quincho a disposici\u00f3n para festejar y hacer asados<\/span><\/p>\n<p>[\/et_pb_blurb][\/et_pb_column][et_pb_column type=\u00bb1_3&#8243; _builder_version=\u00bb4.2.2&#8243;][et_pb_blurb title=\u00bb\u00c1rbitros\u00bb image=\u00bbhttp:\/\/mercenariospaintball.cl\/wp-content\/uploads\/2020\/02\/paintb3-3.png\u00bb _builder_version=\u00bb4.2.2&#8243; header_level=\u00bbh1&#8243; header_font=\u00bbSpecial Elite|||on|||||\u00bb header_text_color=\u00bb#ffffff\u00bb body_font=\u00bbRajdhani||||||||\u00bb body_text_align=\u00bbjustify\u00bb body_text_color=\u00bb#A7A7A7&#8243; body_font_size=\u00bb18px\u00bb background_enable_color=\u00bboff\u00bb use_background_color_gradient=\u00bbon\u00bb background_color_gradient_start=\u00bbrgba(0,0,0,0)\u00bb background_color_gradient_end=\u00bb#424242&#8243; background_enable_image=\u00bboff\u00bb text_orientation=\u00bbcenter\u00bb custom_padding=\u00bb20px|20px|90px|20px|false|true\u00bb animation_direction=\u00bbbottom\u00bb]<\/p>\n<p><span>Al comenzar la batalla habr\u00e1 un \u00e1rbitro encargado de registrar los puntos y el tiempo que ha transcurrido<\/span><\/p>\n<p>[\/et_pb_blurb][\/et_pb_column][\/et_pb_row][et_pb_row column_structure=\u00bb1_3,1_3,1_3&#8243; use_custom_gutter=\u00bbon\u00bb make_equal=\u00bbon\u00bb _builder_version=\u00bb4.2.2&#8243; gutter_width__hover_enabled=\u00bbon|desktop\u00bb][et_pb_column type=\u00bb1_3&#8243; _builder_version=\u00bb4.2.2&#8243;][et_pb_blurb title=\u00bbMapa Ambientado\u00bb image=\u00bbhttp:\/\/mercenariospaintball.cl\/wp-content\/uploads\/2020\/02\/paintb3-4.png\u00bb _builder_version=\u00bb4.2.2&#8243; header_level=\u00bbh1&#8243; header_font=\u00bbSpecial Elite|||on|||||\u00bb header_text_color=\u00bb#ffffff\u00bb body_font=\u00bbRajdhani||||||||\u00bb body_text_align=\u00bbjustify\u00bb body_text_color=\u00bb#A7A7A7&#8243; body_font_size=\u00bb18px\u00bb background_enable_color=\u00bboff\u00bb use_background_color_gradient=\u00bbon\u00bb background_color_gradient_start=\u00bbrgba(0,0,0,0)\u00bb background_color_gradient_end=\u00bb#424242&#8243; background_enable_image=\u00bboff\u00bb text_orientation=\u00bbcenter\u00bb custom_padding=\u00bb20px|20px|90px|20px|false|true\u00bb animation_direction=\u00bbbottom\u00bb]<\/p>\n<p><span>Contamos con un terreno con elementos caracter\u00edsticos de las guerras como neum\u00e1ticos, autos destruidos y muchas otras cosas que te ayudar\u00e1n a mimetizarte<\/span><\/p>\n<p>[\/et_pb_blurb][\/et_pb_column][et_pb_column type=\u00bb1_3&#8243; _builder_version=\u00bb4.2.2&#8243;][et_pb_blurb title=\u00bbEventos Especiales\u00bb image=\u00bbhttp:\/\/mercenariospaintball.cl\/wp-content\/uploads\/2020\/02\/paintb3-5.png\u00bb _builder_version=\u00bb4.2.2&#8243; header_level=\u00bbh1&#8243; header_font=\u00bbSpecial Elite|||on|||||\u00bb header_text_color=\u00bb#ffffff\u00bb body_font=\u00bbRajdhani||||||||\u00bb body_text_align=\u00bbjustify\u00bb body_text_color=\u00bb#A7A7A7&#8243; body_font_size=\u00bb18px\u00bb background_enable_color=\u00bboff\u00bb use_background_color_gradient=\u00bbon\u00bb background_color_gradient_start=\u00bbrgba(0,0,0,0)\u00bb background_color_gradient_end=\u00bb#424242&#8243; background_enable_image=\u00bboff\u00bb text_orientation=\u00bbcenter\u00bb custom_padding=\u00bb20px|20px|114px|20px|false|true\u00bb animation_direction=\u00bbbottom\u00bb]<\/p>\n<p><span>Realizamos peri\u00f3dicamente eventos especiales, mantente alerta a nuestras noticias en las redes sociales<\/span><\/p>\n<p>[\/et_pb_blurb][\/et_pb_column][et_pb_column type=\u00bb1_3&#8243; _builder_version=\u00bb4.2.2&#8243;][et_pb_blurb title=\u00bbEquipamiento Completo\u00bb image=\u00bbhttp:\/\/mercenariospaintball.cl\/wp-content\/uploads\/2020\/02\/paintb3-6.png\u00bb _builder_version=\u00bb4.2.2&#8243; header_level=\u00bbh1&#8243; header_font=\u00bbSpecial Elite|||on|||||\u00bb header_text_color=\u00bb#ffffff\u00bb body_font=\u00bbRajdhani||||||||\u00bb body_text_align=\u00bbjustify\u00bb body_text_color=\u00bb#A7A7A7&#8243; body_font_size=\u00bb18px\u00bb background_enable_color=\u00bboff\u00bb use_background_color_gradient=\u00bbon\u00bb background_color_gradient_start=\u00bbrgba(0,0,0,0)\u00bb background_color_gradient_end=\u00bb#424242&#8243; background_enable_image=\u00bboff\u00bb text_orientation=\u00bbcenter\u00bb custom_padding=\u00bb20px|20px|64px|20px|false|true\u00bb animation_direction=\u00bbbottom\u00bb]<\/p>\n<p><span>El equipamiento incluye gafas y m\u00e1scara protectoras, uniforme de camuflaje, chaleco, botas, protecci\u00f3n para tus extremidades. Te recomendamos traer ropa de cambio<\/span><\/p>\n<p>[\/et_pb_blurb][\/et_pb_column][\/et_pb_row][\/et_pb_section][et_pb_section fb_built=\u00bb1&#8243; _builder_version=\u00bb4.2.2&#8243; background_enable_color=\u00bboff\u00bb use_background_color_gradient=\u00bbon\u00bb background_color_gradient_start=\u00bb#000000&#8243; background_color_gradient_end=\u00bbrgba(0,0,0,0)\u00bb background_color_gradient_overlays_image=\u00bbon\u00bb background_enable_image=\u00bboff\u00bb height=\u00bb1000px\u00bb custom_padding=\u00bb0px||0px||false|false\u00bb][et_pb_row _builder_version=\u00bb4.2.2&#8243;][et_pb_column type=\u00bb4_4&#8243; _builder_version=\u00bb4.2.2&#8243;][et_pb_image src=\u00bbhttp:\/\/mercenariospaintball.cl\/wp-content\/uploads\/2020\/02\/fr4ef4frr.png\u00bb align=\u00bbcenter\u00bb _builder_version=\u00bb4.2.2&#8243;][\/et_pb_image][et_pb_text module_id=\u00bbservicios\u00bb _builder_version=\u00bb4.2.2&#8243; text_font=\u00bbSpecial Elite|||on|||||\u00bb text_text_color=\u00bb#dfb758&#8243; text_font_size=\u00bb40px\u00bb text_orientation=\u00bbcenter\u00bb]<\/p>\n<p>Galeria<\/p>\n<p>[\/et_pb_text][\/et_pb_column][\/et_pb_row][et_pb_row _builder_version=\u00bb4.2.2&#8243; custom_margin=\u00bb|411px||auto||\u00bb hover_enabled=\u00bb0&#8243; max_width=\u00bb2560px\u00bb width=\u00bb100%\u00bb][et_pb_column type=\u00bb4_4&#8243; _builder_version=\u00bb4.2.2&#8243;][et_pb_gallery gallery_ids=\u00bb147,148,150,149,146,145,144,83,128,131,132&#8243; gallery_orderby=\u00bbrand\u00bb posts_number=\u00bb8&#8243; show_title_and_caption=\u00bboff\u00bb show_pagination=\u00bboff\u00bb _builder_version=\u00bb4.2.2&#8243; hover_enabled=\u00bb0&#8243; width=\u00bb100%\u00bb max_width=\u00bb100%\u00bb][\/et_pb_gallery][\/et_pb_column][\/et_pb_row][\/et_pb_section]<\/p>\n","protected":false},"excerpt":{"rendered":"<p>[et_pb_section fb_built=\u00bb1&#8243; _builder_version=\u00bb4.2.2&#8243; background_enable_color=\u00bboff\u00bb use_background_color_gradient=\u00bbon\u00bb background_color_gradient_start=\u00bbrgba(0,0,0,0)\u00bb background_color_gradient_end=\u00bb#000000&#8243; background_color_gradient_start_position=\u00bb50%\u00bb background_color_gradient_overlays_image=\u00bbon\u00bb background_image=\u00bbhttp:\/\/mercenariospaintball.cl\/wp-content\/uploads\/2020\/02\/DSC0176-scaled.jpg\u00bb background_position=\u00bbtop_left\u00bb height=\u00bb1000px\u00bb custom_padding=\u00bb0px||0px||false|false\u00bb][et_pb_row column_structure=\u00bb1_3,1_3,1_3&#8243; make_equal=\u00bbon\u00bb _builder_version=\u00bb4.2.2&#8243; width=\u00bb100%\u00bb max_width=\u00bb2560px\u00bb height=\u00bb200px\u00bb custom_padding=\u00bb28px||28px||true|\u00bb border_radii=\u00bbon|1px|1px|1px|1px\u00bb border_color_all=\u00bb#000000&#8243; border_width_bottom=\u00bb1px\u00bb border_color_bottom=\u00bb#d6d6d6&#8243;][et_pb_column type=\u00bb1_3&#8243; _builder_version=\u00bb4.2.2&#8243;][et_pb_text _builder_version=\u00bb4.2.2&#8243; text_font=\u00bbRajdhani|600|||||||\u00bb text_text_color=\u00bb#ffffff\u00bb text_orientation=\u00bbcenter\u00bb background_layout=\u00bbdark\u00bb custom_margin=\u00bb||276px|||\u00bb custom_padding=\u00bb60px||60px||true|\u00bb text_text_shadow_style=\u00bbpreset3&#8243;] Call Us&nbsp;021 111 222 190 [\/et_pb_text][\/et_pb_column][et_pb_column type=\u00bb1_3&#8243; _builder_version=\u00bb4.2.2&#8243;][et_pb_image src=\u00bbhttp:\/\/mercenariospaintball.cl\/wp-content\/uploads\/2020\/02\/mercenarios_small.png\u00bb align=\u00bbcenter\u00bb module_id=\u00bbinicio\u00bb _builder_version=\u00bb4.2.2&#8243; height=\u00bb150px\u00bb][\/et_pb_image][\/et_pb_column][et_pb_column type=\u00bb1_3&#8243; _builder_version=\u00bb4.2.2&#8243;][et_pb_social_media_follow icon_color=\u00bb#ffffff\u00bb use_icon_font_size=\u00bbon\u00bb _builder_version=\u00bb4.2.2&#8243; text_orientation=\u00bbcenter\u00bb custom_padding=\u00bb60px||60px||true|\u00bb text_shadow_style=\u00bbpreset3&#8243; [&hellip;]<\/p>\n","protected":false},"author":1,"featured_media":0,"parent":0,"menu_order":0,"comment_status":"closed","ping_status":"closed","template":"","meta":{"_et_pb_use_builder":"on","_et_pb_old_content":"","_et_gb_content_width":"","footnotes":""},"class_list":["post-448","page","type-page","status-publish","hentry"],"_links":{"self":[{"href":"https:\/\/mercenariospaintball.cl\/index.php\/wp-json\/wp\/v2\/pages\/448","targetHints":{"allow":["GET"]}}],"collection":[{"href":"https:\/\/mercenariospaintball.cl\/index.php\/wp-json\/wp\/v2\/pages"}],"about":[{"href":"https:\/\/mercenariospaintball.cl\/index.php\/wp-json\/wp\/v2\/types\/page"}],"author":[{"embeddable":true,"href":"https:\/\/mercenariospaintball.cl\/index.php\/wp-json\/wp\/v2\/users\/1"}],"replies":[{"embeddable":true,"href":"https:\/\/mercenariospaintball.cl\/index.php\/wp-json\/wp\/v2\/comments?post=448"}],"version-history":[{"count":34,"href":"https:\/\/mercenariospaintball.cl\/index.php\/wp-json\/wp\/v2\/pages\/448\/revisions"}],"predecessor-version":[{"id":505,"href":"https:\/\/mercenariospaintball.cl\/index.php\/wp-json\/wp\/v2\/pages\/448\/revisions\/505"}],"wp:attachment":[{"href":"https:\/\/mercenariospaintball.cl\/index.php\/wp-json\/wp\/v2\/media?parent=448"}],"curies":[{"name":"wp","href":"https:\/\/api.w.org\/{rel}","templated":true}]}}